{"id":7,"date":"2024-09-20T17:25:11","date_gmt":"2024-09-20T15:25:11","guid":{"rendered":"http:\/\/s1038203044.onlinehome.fr\/?page_id=7"},"modified":"2025-01-04T11:20:05","modified_gmt":"2025-01-04T10:20:05","slug":"page-de-test","status":"publish","type":"page","link":"https:\/\/nuagevert.eco\/index.php\/page-de-test\/","title":{"rendered":"Qui sommes nous?"},"content":{"rendered":"\n<p>Je suis Laurent Cadiou (<a href=\"https:\/\/www.linkedin.com\/in\/lcadiou\/\">LinkedIn<\/a>), Ing\u00e9nieur T\u00e9l\u00e9com de formation (ex-T\u00e9l\u00e9com Bretagne, maintenant <a href=\"https:\/\/www.imt-atlantique.fr\/fr\">IMT Atlantique<\/a>), j&rsquo;ai \u00e9t\u00e9 29 ans Ing\u00e9nieur Commercial Grands Comptes au sein d&rsquo;int\u00e9grateurs de r\u00e9seaux d&rsquo;entreprises, d&rsquo;op\u00e9rateurs de T\u00e9l\u00e9communication et pendant 20 ans, au sein d&rsquo;\u00e9diteurs am\u00e9ricains leaders du march\u00e9 de la Cybers\u00e9curit\u00e9 (logiciels, mat\u00e9riels, services Cloud et Saas) \u00e0 destination des grands comptes et des plus grands op\u00e9rateurs et Managed Security Services Providers.<\/p>\n\n\n\n<p>Ayant pris conscience de l&rsquo;impact grandissant du Num\u00e9rique dans les \u00e9missions de GES et  la consommation des ressources min\u00e9rales de la plan\u00e8te, je souhaite porter \u00e0 l&rsquo;attention du plus grand nombre ces faits, afin que le Num\u00e9rique, outil formidable de productivit\u00e9, devienne durable, c&rsquo;est \u00e0 dire ne contribue pas \u00e0 la mise en danger de nos soci\u00e9t\u00e9s et soit encore disponible pour les g\u00e9n\u00e9rations \u00e0 venir.<\/p>\n\n\n\n<p>J&rsquo;ai cr\u00e9\u00e9 Nuage Vert SAS en juillet 2024. Cette ann\u00e9e a aussi \u00e9t\u00e9 riche en formations, pour me permettre d&rsquo;offrir des services ayant du sens.<\/p>\n\n\n\n<p>Formation Bilan Carbone\u00ae d\u00e9livr\u00e9e par l&rsquo;IFC (Institut Fran\u00e7ais du Carbone), bas\u00e9e sur l&rsquo;outil leader de la comptabilit\u00e9 carbone cr\u00e9\u00e9 par l&rsquo;ADEME en 2004 et g\u00e9r\u00e9 depuis par l&rsquo;ABC (Association pour la transition Bas Carbone). <a href=\"http:\/\/s1038203044.onlinehome.fr\/index.php\/accompagnement-au-bilan-carbone\/\">Plus de d\u00e9tails ici<\/a><\/p>\n\n\n\n<p> Formation aux ateliers de sensibilisation suivants :<\/p>\n\n\n\n<div class=\"wp-block-uagb-container uagb-block-956afec6 alignfull uagb-is-root-container\"><div class=\"uagb-container-inner-blocks-wrap\">\n<ul class=\"wp-block-list\">\n<li><strong>La Fresque du Climat <\/strong>: la \u00ab\u00a0m\u00e8re de toutes les fresques\u00a0\u00bb, a fait prendre conscience depuis 2018 \u00e0 1.9 millions de personnes quelles \u00e9taient les causes du d\u00e9r\u00e8glement climatique, ainsi que leurs cons\u00e9quences. J&rsquo;ai anim\u00e9 plus de 25 fois cet atelier d&rsquo;intelligence collective en contexte entreprise, citoyen et enseignement sup\u00e9rieur (Ecole Polytechnique, ESCP PAris, SKEMA). Je peux l&rsquo;animer en fran\u00e7ais et anglais, en pr\u00e9sentiel et distanciel, dans toute la France m\u00e9tropolitaine mais aussi coordonner un d\u00e9ploiement de plusieurs ateliers simultan\u00e9ment ou sur des lieux hors de m\u00e9tropole. Je suis animateur de niveau Ceinture Orange. <a href=\"http:\/\/s1038203044.onlinehome.fr\/index.php\/la-fresque-du-climat\/\">Plus de d\u00e9tails ici<\/a><\/li>\n\n\n\n<li><strong>La Fresque du Num\u00e9rique <\/strong>: depuis 2020, plus de 128.000 personnes ont d\u00e9couvert l&#8217;empreinte environnementale du Num\u00e9rique gr\u00e2ce \u00e0 cet atelier d&rsquo;intelligence collective, que j&rsquo;ai anim\u00e9 plus de 20 fois en contexte entreprise, citoyen et enseignement sup\u00e9rieur (EFAP, ENSEA CErgy, IPAC, SUPELEC). Je peux l&rsquo;animer en fran\u00e7ais et anglais, en pr\u00e9sentiel et distanciel, dans toute la France m\u00e9tropolitaine mais aussi coordonner un d\u00e9ploiement de plusieurs ateliers simultan\u00e9ment ou sur des lieux hors de m\u00e9tropole. Je suis membre du collectif PRO de l&rsquo;association et \u00ab\u00a0animateur exp\u00e9riment\u00e9\u00a0\u00bb. <a href=\"http:\/\/s1038203044.onlinehome.fr\/index.php\/la-fresque-du-numerique\/\">Plus de d\u00e9tails ici<\/a><\/li>\n\n\n\n<li><strong>La Bataille de la Tech<\/strong> : cr\u00e9\u00e9 par l&rsquo;association <a href=\"https:\/\/www.latitudes.cc\/\">Latitudes <\/a>en 2022, cet atelier en intelligence collective d\u00e9veloppe l&rsquo;esprit critique autour des enjeux sociaux et soci\u00e9taux des usages et contenus du Num\u00e9rique. Cet atelier est adapt\u00e9 aux contextes entreprises, collectivit\u00e9 et enseignement sup\u00e9rieur. Je suis animateur PRO de cet atelier. <a href=\"http:\/\/s1038203044.onlinehome.fr\/index.php\/la-bataille-de-la-tech\/\">Plus de d\u00e9tails ici<\/a><\/li>\n\n\n\n<li><strong>La Bataille de l&rsquo;IA <\/strong>: cr\u00e9\u00e9 par l&rsquo;association <a href=\"https:\/\/www.latitudes.cc\/\">Latitudes <\/a>en 2023, cet atelier en intelligence collective d\u00e9veloppe l&rsquo;esprit critique autour des enjeux sociaux et soci\u00e9taux de l&rsquo;IA g\u00e9n\u00e9rative. J&rsquo;ai anim\u00e9 cet atelier en contexte entreprise et enseignement sup\u00e9rieur. Il est aussi adapt\u00e9 aux collectivit\u00e9 utilisatrices de l&rsquo;IA Gen. Je suis animateur PRO de cet atelier. <a href=\"http:\/\/s1038203044.onlinehome.fr\/index.php\/la-bataille-de-lia\/\">Plus de d\u00e9tails ici<\/a><\/li>\n\n\n\n<li><strong>L&rsquo;atelier 2 tonnes<\/strong> : depuis 2019, cet atelier au format unique et ludique aide \u00e0 se projeter vers une soci\u00e9t\u00e9 fran\u00e7aise d\u00e9carbon\u00e9e \u00e0 l&rsquo;horizon 2050. Cet atelier sous forme de jeu de r\u00f4les en \u00ab\u00a08 tours\u00a0\u00bb peut \u00eatre anim\u00e9 en pr\u00e9sentiel ou distanciel, en fran\u00e7ais ou anglais et m\u00eame adapt\u00e9 \u00e0 d&rsquo;autres pays que la France. <a href=\"http:\/\/s1038203044.onlinehome.fr\/index.php\/atelier-2tonnes\/\">Plus de d\u00e9tails ici<\/a><\/li>\n<\/ul>\n<\/div><\/div>\n\n\n\n<p><\/p>\n","protected":false},"excerpt":{"rendered":"<p>Je suis Laurent Cadiou (LinkedIn), Ing\u00e9nieur T\u00e9l\u00e9com de formation (ex-T\u00e9l\u00e9com Bretagne, maintenant IMT Atlantique), j&rsquo;ai \u00e9t\u00e9 29 ans Ing\u00e9nieur Commercial [&hellip;]<\/p>\n","protected":false},"author":2,"featured_media":0,"parent":0,"menu_order":0,"comment_status":"closed","ping_status":"closed","template":"","meta":{"site-sidebar-layout":"default","site-content-layout":"","ast-site-content-layout":"","site-content-style":"default","site-sidebar-style":"default","ast-global-header-display":"","ast-banner-title-visibility":"","ast-main-header-display":"","ast-hfb-above-header-display":"","ast-hfb-below-header-display":"","ast-hfb-mobile-header-display":"","site-post-title":"","ast-breadcrumbs-content":"","ast-featured-img":"","footer-sml-layout":"","theme-transparent-header-meta":"","adv-header-id-meta":"","stick-header-meta":"","header-above-stick-meta":"","header-main-stick-meta":"","header-below-stick-meta":"","astra-migrate-meta-layouts":"default","ast-page-background-enabled":"default","ast-page-background-meta":{"desktop":{"background-color":"var(--ast-global-color-4)","background-image":"","background-repeat":"repeat","background-position":"center center","background-size":"auto","background-attachment":"scroll","background-type":"","background-media":"","overlay-type":"","overlay-color":"","overlay-opacity":"","overlay-gradient":""},"tablet":{"background-color":"","background-image":"","background-repeat":"repeat","background-position":"center center","background-size":"auto","background-attachment":"scroll","background-type":"","background-media":"","overlay-type":"","overlay-color":"","overlay-opacity":"","overlay-gradient":""},"mobile":{"background-color":"","background-image":"","background-repeat":"repeat","background-position":"center center","background-size":"auto","background-attachment":"scroll","background-type":"","background-media":"","overlay-type":"","overlay-color":"","overlay-opacity":"","overlay-gradient":""}},"ast-content-background-meta":{"desktop":{"background-color":"var(--ast-global-color-5)","background-image":"","background-repeat":"repeat","background-position":"center center","background-size":"auto","background-attachment":"scroll","background-type":"","background-media":"","overlay-type":"","overlay-color":"","overlay-opacity":"","overlay-gradient":""},"tablet":{"background-color":"var(--ast-global-color-5)","background-image":"","background-repeat":"repeat","background-position":"center center","background-size":"auto","background-attachment":"scroll","background-type":"","background-media":"","overlay-type":"","overlay-color":"","overlay-opacity":"","overlay-gradient":""},"mobile":{"background-color":"var(--ast-global-color-5)","background-image":"","background-repeat":"repeat","background-position":"center center","background-size":"auto","background-attachment":"scroll","background-type":"","background-media":"","overlay-type":"","overlay-color":"","overlay-opacity":"","overlay-gradient":""}},"footnotes":""},"class_list":["post-7","page","type-page","status-publish","hentry"],"_links":{"self":[{"href":"https:\/\/nuagevert.eco\/index.php\/wp-json\/wp\/v2\/pages\/7","targetHints":{"allow":["GET"]}}],"collection":[{"href":"https:\/\/nuagevert.eco\/index.php\/wp-json\/wp\/v2\/pages"}],"about":[{"href":"https:\/\/nuagevert.eco\/index.php\/wp-json\/wp\/v2\/types\/page"}],"author":[{"embeddable":true,"href":"https:\/\/nuagevert.eco\/index.php\/wp-json\/wp\/v2\/users\/2"}],"replies":[{"embeddable":true,"href":"https:\/\/nuagevert.eco\/index.php\/wp-json\/wp\/v2\/comments?post=7"}],"version-history":[{"count":24,"href":"https:\/\/nuagevert.eco\/index.php\/wp-json\/wp\/v2\/pages\/7\/revisions"}],"predecessor-version":[{"id":102,"href":"https:\/\/nuagevert.eco\/index.php\/wp-json\/wp\/v2\/pages\/7\/revisions\/102"}],"wp:attachment":[{"href":"https:\/\/nuagevert.eco\/index.php\/wp-json\/wp\/v2\/media?parent=7"}],"curies":[{"name":"wp","href":"https:\/\/api.w.org\/{rel}","templated":true}]}}