{"id":16,"date":"2025-01-03T08:40:34","date_gmt":"2025-01-03T07:40:34","guid":{"rendered":"http:\/\/s1038203044.onlinehome.fr\/?page_id=16"},"modified":"2025-01-04T11:21:24","modified_gmt":"2025-01-04T10:21:24","slug":"les-ateliers-de-sensibilisation-au-numerique-responsable-et-au-climat","status":"publish","type":"page","link":"https:\/\/nuagevert.eco\/index.php\/les-ateliers-de-sensibilisation-au-numerique-responsable-et-au-climat\/","title":{"rendered":"Les ateliers de sensibilisation au Num\u00e9rique responsable et au Climat"},"content":{"rendered":"\n<p>A travers ces ateliers durant 2 ou 3 heures, bas\u00e9s sur l&rsquo;intelligence collective, vos collaborateurs vont s&rsquo;approprier un sujet et des connaissances de mani\u00e8re ludique. Ils seront guid\u00e9s par l&rsquo;animateur qui sera un \u00ab\u00a0chef d&rsquo;orchestre\u00a0\u00bb, plut\u00f4t qu&rsquo;un conf\u00e9rencier. Ces ateliers peuvent pour la plupart \u00eatre anim\u00e9s en fran\u00e7ais, anglais, en pr\u00e9sentiel et distanciel.<\/p>\n\n\n\n<ul class=\"wp-block-list\">\n<li><a href=\"http:\/\/s1038203044.onlinehome.fr\/index.php\/la-fresque-du-climat\/\" data-type=\"page\" data-id=\"41\">La Fresque du Climat : les causes et cons\u00e9quences du d\u00e9r\u00e9glement climatique<\/a><\/li>\n\n\n\n<li><a href=\"http:\/\/s1038203044.onlinehome.fr\/index.php\/atelier-2tonnes\/\" data-type=\"page\" data-id=\"54\">L&rsquo;atelier 2tonnes : la simulation ludique des d\u00e9cisions \u00e0 prendre d&rsquo;ici 2050 pour viser la neutralit\u00e9 carbone<\/a><\/li>\n\n\n\n<li><a href=\"http:\/\/s1038203044.onlinehome.fr\/index.php\/la-fresque-du-numerique\/\" data-type=\"page\" data-id=\"33\">La Fresque du Num\u00e9rique : l&#8217;empreinte environnementale du Num\u00e9rique<\/a><\/li>\n\n\n\n<li><a href=\"http:\/\/s1038203044.onlinehome.fr\/index.php\/la-bataille-de-la-tech\/\" data-type=\"page\" data-id=\"44\">La Bataille de la Tech : les enjeux sociaux et soci\u00e9taux du Num\u00e9rique<\/a><\/li>\n\n\n\n<li><a href=\"http:\/\/s1038203044.onlinehome.fr\/index.php\/la-bataille-de-lia\/\" data-type=\"page\" data-id=\"47\">La Bataille de l&rsquo;IA : les enjeux sociaux et soci\u00e9taux de l&rsquo;IA g\u00e9n\u00e9rative<\/a><\/li>\n<\/ul>\n\n\n\n<p>Cliquez sur les liens pour acc\u00e8der \u00e0 une description sommaire de chaque atelier.<\/p>\n\n\n\n<p><\/p>\n","protected":false},"excerpt":{"rendered":"<p>A travers ces ateliers durant 2 ou 3 heures, bas\u00e9s sur l&rsquo;intelligence collective, vos collaborateurs vont s&rsquo;approprier un sujet et [&hellip;]<\/p>\n","protected":false},"author":2,"featured_media":0,"parent":0,"menu_order":0,"comment_status":"closed","ping_status":"closed","template":"","meta":{"site-sidebar-layout":"default","site-content-layout":"","ast-site-content-layout":"","site-content-style":"default","site-sidebar-style":"default","ast-global-header-display":"","ast-banner-title-visibility":"","ast-main-header-display":"","ast-hfb-above-header-display":"","ast-hfb-below-header-display":"","ast-hfb-mobile-header-display":"","site-post-title":"","ast-breadcrumbs-content":"","ast-featured-img":"","footer-sml-layout":"","theme-transparent-header-meta":"","adv-header-id-meta":"","stick-header-meta":"","header-above-stick-meta":"","header-main-stick-meta":"","header-below-stick-meta":"","astra-migrate-meta-layouts":"default","ast-page-background-enabled":"default","ast-page-background-meta":{"desktop":{"background-color":"var(--ast-global-color-4)","background-image":"","background-repeat":"repeat","background-position":"center center","background-size":"auto","background-attachment":"scroll","background-type":"","background-media":"","overlay-type":"","overlay-color":"","overlay-opacity":"","overlay-gradient":""},"tablet":{"background-color":"","background-image":"","background-repeat":"repeat","background-position":"center center","background-size":"auto","background-attachment":"scroll","background-type":"","background-media":"","overlay-type":"","overlay-color":"","overlay-opacity":"","overlay-gradient":""},"mobile":{"background-color":"","background-image":"","background-repeat":"repeat","background-position":"center center","background-size":"auto","background-attachment":"scroll","background-type":"","background-media":"","overlay-type":"","overlay-color":"","overlay-opacity":"","overlay-gradient":""}},"ast-content-background-meta":{"desktop":{"background-color":"var(--ast-global-color-5)","background-image":"","background-repeat":"repeat","background-position":"center center","background-size":"auto","background-attachment":"scroll","background-type":"","background-media":"","overlay-type":"","overlay-color":"","overlay-opacity":"","overlay-gradient":""},"tablet":{"background-color":"var(--ast-global-color-5)","background-image":"","background-repeat":"repeat","background-position":"center center","background-size":"auto","background-attachment":"scroll","background-type":"","background-media":"","overlay-type":"","overlay-color":"","overlay-opacity":"","overlay-gradient":""},"mobile":{"background-color":"var(--ast-global-color-5)","background-image":"","background-repeat":"repeat","background-position":"center center","background-size":"auto","background-attachment":"scroll","background-type":"","background-media":"","overlay-type":"","overlay-color":"","overlay-opacity":"","overlay-gradient":""}},"footnotes":""},"class_list":["post-16","page","type-page","status-publish","hentry"],"_links":{"self":[{"href":"https:\/\/nuagevert.eco\/index.php\/wp-json\/wp\/v2\/pages\/16","targetHints":{"allow":["GET"]}}],"collection":[{"href":"https:\/\/nuagevert.eco\/index.php\/wp-json\/wp\/v2\/pages"}],"about":[{"href":"https:\/\/nuagevert.eco\/index.php\/wp-json\/wp\/v2\/types\/page"}],"author":[{"embeddable":true,"href":"https:\/\/nuagevert.eco\/index.php\/wp-json\/wp\/v2\/users\/2"}],"replies":[{"embeddable":true,"href":"https:\/\/nuagevert.eco\/index.php\/wp-json\/wp\/v2\/comments?post=16"}],"version-history":[{"count":8,"href":"https:\/\/nuagevert.eco\/index.php\/wp-json\/wp\/v2\/pages\/16\/revisions"}],"predecessor-version":[{"id":103,"href":"https:\/\/nuagevert.eco\/index.php\/wp-json\/wp\/v2\/pages\/16\/revisions\/103"}],"wp:attachment":[{"href":"https:\/\/nuagevert.eco\/index.php\/wp-json\/wp\/v2\/media?parent=16"}],"curies":[{"name":"wp","href":"https:\/\/api.w.org\/{rel}","templated":true}]}}